{"id":2900,"date":"2025-01-20T11:07:55","date_gmt":"2025-01-20T11:07:55","guid":{"rendered":"https:\/\/florian-photographie.fr\/?page_id=2900"},"modified":"2026-03-14T11:45:29","modified_gmt":"2026-03-14T11:45:29","slug":"tarifs","status":"publish","type":"page","link":"https:\/\/florian-photographie.fr\/?page_id=2900","title":{"rendered":"Tarifs"},"content":{"rendered":"\t\t<div data-elementor-type=\"wp-page\" data-elementor-id=\"2900\" class=\"elementor elementor-2900\">\n\t\t\t\t<div class=\"elementor-element elementor-element-f669523 e-flex e-con-boxed e-con e-parent\" data-id=\"f669523\" data-element_type=\"container\" data-e-type=\"container\">\n\t\t\t\t\t<div class=\"e-con-inner\">\n\t\t\t\t<div class=\"elementor-element elementor-element-35351f4 elementor-widget elementor-widget-spacer\" data-id=\"35351f4\" data-element_type=\"widget\" data-e-type=\"widget\" data-widget_type=\"spacer.default\">\n\t\t\t\t<div class=\"elementor-widget-container\">\n\t\t\t\t\t\t\t<div class=\"elementor-spacer\">\n\t\t\t<div class=\"elementor-spacer-inner\"><\/div>\n\t\t<\/div>\n\t\t\t\t\t\t<\/div>\n\t\t\t\t<\/div>\n\t\t\t\t\t<\/div>\n\t\t\t\t<\/div>\n\t\t<div class=\"elementor-element elementor-element-9b85500 e-flex e-con-boxed e-con e-parent\" data-id=\"9b85500\" data-element_type=\"container\" data-e-type=\"container\" data-settings=\"{&quot;background_background&quot;:&quot;slideshow&quot;,&quot;background_slideshow_gallery&quot;:[],&quot;background_slideshow_loop&quot;:&quot;yes&quot;,&quot;background_slideshow_slide_duration&quot;:5000,&quot;background_slideshow_slide_transition&quot;:&quot;fade&quot;,&quot;background_slideshow_transition_duration&quot;:500}\">\n\t\t\t\t\t<div class=\"e-con-inner\">\n\t\t<div class=\"elementor-element elementor-element-3c5e807 e-con-full e-flex e-con e-child\" data-id=\"3c5e807\" data-element_type=\"container\" data-e-type=\"container\">\n\t\t\t\t<div class=\"elementor-element elementor-element-6590cbf elementor-widget__width-initial elementor-widget elementor-widget-image\" data-id=\"6590cbf\" data-element_type=\"widget\" data-e-type=\"widget\" data-widget_type=\"image.default\">\n\t\t\t\t<div class=\"elementor-widget-container\">\n\t\t\t\t\t\t\t\t\t\t\t\t\t\t\t<img fetchpriority=\"high\" decoding=\"async\" width=\"1707\" height=\"2560\" src=\"https:\/\/florian-photographie.fr\/wp-content\/uploads\/2024\/08\/DSC_1538-scaled.jpg\" class=\"attachment-full size-full wp-image-2312\" alt=\"Couple dans van \u2013 moment intime noir et blanc\" srcset=\"https:\/\/florian-photographie.fr\/wp-content\/uploads\/2024\/08\/DSC_1538-scaled.jpg 1707w, https:\/\/florian-photographie.fr\/wp-content\/uploads\/2024\/08\/DSC_1538-200x300.jpg 200w, https:\/\/florian-photographie.fr\/wp-content\/uploads\/2024\/08\/DSC_1538-683x1024.jpg 683w, https:\/\/florian-photographie.fr\/wp-content\/uploads\/2024\/08\/DSC_1538-768x1152.jpg 768w, https:\/\/florian-photographie.fr\/wp-content\/uploads\/2024\/08\/DSC_1538-1024x1536.jpg 1024w, https:\/\/florian-photographie.fr\/wp-content\/uploads\/2024\/08\/DSC_1538-1365x2048.jpg 1365w, https:\/\/florian-photographie.fr\/wp-content\/uploads\/2024\/08\/DSC_1538-1170x1755.jpg 1170w\" sizes=\"(max-width: 1707px) 100vw, 1707px\" \/>\t\t\t\t\t\t\t\t\t\t\t\t\t\t\t<\/div>\n\t\t\t\t<\/div>\n\t\t\t\t<\/div>\n\t\t<div class=\"elementor-element elementor-element-fd2c1a6 e-con-full e-flex e-con e-child\" data-id=\"fd2c1a6\" data-element_type=\"container\" data-e-type=\"container\">\n\t\t\t\t<div class=\"elementor-element elementor-element-86ae783 elementor-widget elementor-widget-heading\" data-id=\"86ae783\" data-element_type=\"widget\" data-e-type=\"widget\" data-widget_type=\"heading.default\">\n\t\t\t\t<div class=\"elementor-widget-container\">\n\t\t\t\t\t<h2 class=\"elementor-heading-title elementor-size-default\">Mariage<\/h2>\t\t\t\t<\/div>\n\t\t\t\t<\/div>\n\t\t<div class=\"elementor-element elementor-element-0c35541 e-con-full e-flex e-con e-child\" data-id=\"0c35541\" data-element_type=\"container\" data-e-type=\"container\">\n\t\t\t\t<div class=\"elementor-element elementor-element-b440b72 elementor-widget-divider--view-line elementor-widget elementor-widget-divider\" data-id=\"b440b72\" data-element_type=\"widget\" data-e-type=\"widget\" data-widget_type=\"divider.default\">\n\t\t\t\t<div class=\"elementor-widget-container\">\n\t\t\t\t\t\t\t<div class=\"elementor-divider\">\n\t\t\t<span class=\"elementor-divider-separator\">\n\t\t\t\t\t\t<\/span>\n\t\t<\/div>\n\t\t\t\t\t\t<\/div>\n\t\t\t\t<\/div>\n\t\t\t\t<\/div>\n\t\t\t\t<div class=\"elementor-element elementor-element-c882744 elementor-widget__width-initial elementor-widget elementor-widget-text-editor\" data-id=\"c882744\" data-element_type=\"widget\" data-e-type=\"widget\" data-widget_type=\"text-editor.default\">\n\t\t\t\t<div class=\"elementor-widget-container\">\n\t\t\t\t\t\t\t\t\t<p data-start=\"609\" data-end=\"665\"><strong data-start=\"609\" data-end=\"663\">Ce forfait couvre l\u2019int\u00e9gralit\u00e9 de votre mariage :<\/strong><\/p><ul data-start=\"666\" data-end=\"893\"><li data-start=\"666\" data-end=\"726\"><p data-start=\"668\" data-end=\"726\"><strong>Les pr\u00e9paratifs (habillage, maquillage&#8230;)<\/strong><\/p><\/li><li data-start=\"727\" data-end=\"767\"><p data-start=\"729\" data-end=\"767\"><strong>La c\u00e9r\u00e9monie et les \u00e9changes de v\u0153ux<\/strong><\/p><\/li><li data-start=\"768\" data-end=\"819\"><p data-start=\"770\" data-end=\"819\"><strong>Les portraits de couple et les photos de groupe<\/strong><\/p><\/li><li data-start=\"820\" data-end=\"893\"><p data-start=\"822\" data-end=\"893\"><strong>La soir\u00e9e et les moments de f\u00eate (jusqu\u2019au g\u00e2teau \/ ouverture du bal)<\/strong><\/p><\/li><\/ul><p data-start=\"895\" data-end=\"1034\">Chaque image est <strong data-start=\"912\" data-end=\"939\">soigneusement retouch\u00e9e<\/strong>, avec un style naturel et lumineux, pour que chaque sourire, regard et geste soit immortalis\u00e9.<\/p>\t\t\t\t\t\t\t\t<\/div>\n\t\t\t\t<\/div>\n\t\t\t\t<div class=\"elementor-element elementor-element-a2222ef elementor-align-left elementor-mobile-align-center elementor-widget elementor-widget-button\" data-id=\"a2222ef\" data-element_type=\"widget\" data-e-type=\"widget\" data-widget_type=\"button.default\">\n\t\t\t\t<div class=\"elementor-widget-container\">\n\t\t\t\t\t\t\t\t\t<div class=\"elementor-button-wrapper\">\n\t\t\t\t\t<a class=\"elementor-button elementor-button-link elementor-size-sm\" href=\"#\">\n\t\t\t\t\t\t<span class=\"elementor-button-content-wrapper\">\n\t\t\t\t\t\t\t\t\t<span class=\"elementor-button-text\">A partir de 1100 \u20ac<\/span>\n\t\t\t\t\t<\/span>\n\t\t\t\t\t<\/a>\n\t\t\t\t<\/div>\n\t\t\t\t\t\t\t\t<\/div>\n\t\t\t\t<\/div>\n\t\t\t\t<\/div>\n\t\t\t\t\t<\/div>\n\t\t\t\t<\/div>\n\t\t<div class=\"elementor-element elementor-element-f24d291 e-flex e-con-boxed e-con e-parent\" data-id=\"f24d291\" data-element_type=\"container\" data-e-type=\"container\">\n\t\t\t\t\t<div class=\"e-con-inner\">\n\t\t\t\t<div class=\"elementor-element elementor-element-7794204 elementor-widget elementor-widget-spacer\" data-id=\"7794204\" data-element_type=\"widget\" data-e-type=\"widget\" data-widget_type=\"spacer.default\">\n\t\t\t\t<div class=\"elementor-widget-container\">\n\t\t\t\t\t\t\t<div class=\"elementor-spacer\">\n\t\t\t<div class=\"elementor-spacer-inner\"><\/div>\n\t\t<\/div>\n\t\t\t\t\t\t<\/div>\n\t\t\t\t<\/div>\n\t\t\t\t\t<\/div>\n\t\t\t\t<\/div>\n\t\t<div class=\"elementor-element elementor-element-64c55ba e-flex e-con-boxed e-con e-parent\" data-id=\"64c55ba\" data-element_type=\"container\" data-e-type=\"container\">\n\t\t\t\t\t<div class=\"e-con-inner\">\n\t\t<div class=\"elementor-element elementor-element-5d9f424 e-con-full e-flex e-con e-child\" data-id=\"5d9f424\" data-element_type=\"container\" data-e-type=\"container\">\n\t\t<div class=\"elementor-element elementor-element-8ebd581 e-con-full e-flex e-con e-child\" data-id=\"8ebd581\" data-element_type=\"container\" data-e-type=\"container\">\n\t\t\t\t<div class=\"elementor-element elementor-element-07ba1a1 elementor-widget__width-initial elementor-widget elementor-widget-heading\" data-id=\"07ba1a1\" data-element_type=\"widget\" data-e-type=\"widget\" data-widget_type=\"heading.default\">\n\t\t\t\t<div class=\"elementor-widget-container\">\n\t\t\t\t\t<h2 class=\"elementor-heading-title elementor-size-default\">Seance maternite<\/h2>\t\t\t\t<\/div>\n\t\t\t\t<\/div>\n\t\t\t\t<div class=\"elementor-element elementor-element-57ab65a elementor-widget-divider--view-line elementor-widget elementor-widget-divider\" data-id=\"57ab65a\" data-element_type=\"widget\" data-e-type=\"widget\" data-widget_type=\"divider.default\">\n\t\t\t\t<div class=\"elementor-widget-container\">\n\t\t\t\t\t\t\t<div class=\"elementor-divider\">\n\t\t\t<span class=\"elementor-divider-separator\">\n\t\t\t\t\t\t<\/span>\n\t\t<\/div>\n\t\t\t\t\t\t<\/div>\n\t\t\t\t<\/div>\n\t\t\t\t<\/div>\n\t\t<div class=\"elementor-element elementor-element-b62456f e-con-full e-flex e-con e-child\" data-id=\"b62456f\" data-element_type=\"container\" data-e-type=\"container\">\n\t\t\t\t<div class=\"elementor-element elementor-element-8b37035 elementor-widget elementor-widget-text-editor\" data-id=\"8b37035\" data-element_type=\"widget\" data-e-type=\"widget\" data-widget_type=\"text-editor.default\">\n\t\t\t\t<div class=\"elementor-widget-container\">\n\t\t\t\t\t\t\t\t\t<p data-start=\"282\" data-end=\"347\">Un moment doux pour garder un souvenir pr\u00e9cieux de cette attente.<\/p><ul data-start=\"349\" data-end=\"624\"><li data-section-id=\"1gwiloz\" data-start=\"349\" data-end=\"387\"><p data-start=\"351\" data-end=\"387\"><strong data-start=\"351\" data-end=\"385\">S\u00e9ance photo d\u2019une heure<\/strong><\/p><\/li><li data-section-id=\"8eihv\" data-start=\"388\" data-end=\"435\"><p data-start=\"390\" data-end=\"435\"><strong data-start=\"390\" data-end=\"409\">1 lieu au choix<\/strong> (ext\u00e9rieur ou domicile)<\/p><\/li><li data-section-id=\"5ifqnh\" data-start=\"436\" data-end=\"477\"><p data-start=\"438\" data-end=\"477\"><strong>Photos seule, en couple ou en famille<\/strong><\/p><\/li><li data-section-id=\"8xe0km\" data-start=\"478\" data-end=\"522\"><p data-start=\"480\" data-end=\"522\"><strong data-start=\"525\" data-end=\"552\">Galerie priv\u00e9e en ligne<\/strong><\/p><\/li><li data-section-id=\"mmotr1\" data-start=\"579\" data-end=\"624\"><p data-start=\"581\" data-end=\"624\"><strong data-start=\"581\" data-end=\"624\">Photos retouch\u00e9es en haute d\u00e9finition<\/strong><\/p><\/li><\/ul>\t\t\t\t\t\t\t\t<\/div>\n\t\t\t\t<\/div>\n\t\t\t\t<\/div>\n\t\t\t\t<div class=\"elementor-element elementor-element-9acbbff elementor-align-left elementor-mobile-align-center elementor-widget elementor-widget-button\" data-id=\"9acbbff\" data-element_type=\"widget\" data-e-type=\"widget\" data-widget_type=\"button.default\">\n\t\t\t\t<div class=\"elementor-widget-container\">\n\t\t\t\t\t\t\t\t\t<div class=\"elementor-button-wrapper\">\n\t\t\t\t\t<a class=\"elementor-button elementor-button-link elementor-size-sm\" href=\"#\">\n\t\t\t\t\t\t<span class=\"elementor-button-content-wrapper\">\n\t\t\t\t\t\t\t\t\t<span class=\"elementor-button-text\">A partir de 180 \u20ac<\/span>\n\t\t\t\t\t<\/span>\n\t\t\t\t\t<\/a>\n\t\t\t\t<\/div>\n\t\t\t\t\t\t\t\t<\/div>\n\t\t\t\t<\/div>\n\t\t\t\t<\/div>\n\t\t<div class=\"elementor-element elementor-element-9473d34 e-con-full e-flex e-con e-child\" data-id=\"9473d34\" data-element_type=\"container\" data-e-type=\"container\">\n\t\t\t\t<div class=\"elementor-element elementor-element-6348094 elementor-widget__width-initial elementor-widget elementor-widget-image\" data-id=\"6348094\" data-element_type=\"widget\" data-e-type=\"widget\" data-widget_type=\"image.default\">\n\t\t\t\t<div class=\"elementor-widget-container\">\n\t\t\t\t\t\t\t\t\t\t\t\t\t\t\t<img decoding=\"async\" width=\"1280\" height=\"1920\" src=\"https:\/\/florian-photographie.fr\/wp-content\/uploads\/2026\/03\/DSC_4518-scaled.webp\" class=\"attachment-full size-full wp-image-3758 not-transparent\" alt=\"\" srcset=\"https:\/\/florian-photographie.fr\/wp-content\/uploads\/2026\/03\/DSC_4518-scaled.webp 1280w, https:\/\/florian-photographie.fr\/wp-content\/uploads\/2026\/03\/DSC_4518-200x300.webp 200w, https:\/\/florian-photographie.fr\/wp-content\/uploads\/2026\/03\/DSC_4518-683x1024.webp 683w, https:\/\/florian-photographie.fr\/wp-content\/uploads\/2026\/03\/DSC_4518-768x1152.webp 768w, https:\/\/florian-photographie.fr\/wp-content\/uploads\/2026\/03\/DSC_4518-1024x1536.webp 1024w, https:\/\/florian-photographie.fr\/wp-content\/uploads\/2026\/03\/DSC_4518-1365x2048.webp 1365w\" sizes=\"(max-width: 1280px) 100vw, 1280px\" data-has-transparency=\"false\" data-dominant-color=\"3e281d\" style=\"--dominant-color: #3e281d\" \/>\t\t\t\t\t\t\t\t\t\t\t\t\t\t\t<\/div>\n\t\t\t\t<\/div>\n\t\t\t\t<\/div>\n\t\t\t\t\t<\/div>\n\t\t\t\t<\/div>\n\t\t<div class=\"elementor-element elementor-element-d3deba0 e-flex e-con-boxed e-con e-parent\" data-id=\"d3deba0\" data-element_type=\"container\" data-e-type=\"container\">\n\t\t\t\t\t<div class=\"e-con-inner\">\n\t\t\t\t<div class=\"elementor-element elementor-element-ce901bb elementor-widget elementor-widget-spacer\" data-id=\"ce901bb\" data-element_type=\"widget\" data-e-type=\"widget\" data-widget_type=\"spacer.default\">\n\t\t\t\t<div class=\"elementor-widget-container\">\n\t\t\t\t\t\t\t<div class=\"elementor-spacer\">\n\t\t\t<div class=\"elementor-spacer-inner\"><\/div>\n\t\t<\/div>\n\t\t\t\t\t\t<\/div>\n\t\t\t\t<\/div>\n\t\t\t\t<div class=\"elementor-element elementor-element-4a97d1e elementor-widget elementor-widget-heading\" data-id=\"4a97d1e\" data-element_type=\"widget\" data-e-type=\"widget\" data-widget_type=\"heading.default\">\n\t\t\t\t<div class=\"elementor-widget-container\">\n\t\t\t\t\t<h2 class=\"elementor-heading-title elementor-size-default\"><li data-section-id=\"mlhldo\" data-start=\"619\" data-end=\"662\"><p data-start=\"621\" data-end=\"662\"><strong data-start=\"621\" data-end=\"660\">Cr\u00e9ons ensemble votre s\u00e9ance id\u00e9ale<\/strong><span style=\"letter-spacing: 1.3px\"><\/span><\/p><\/li><\/h2>\t\t\t\t<\/div>\n\t\t\t\t<\/div>\n\t\t\t\t\t<\/div>\n\t\t\t\t<\/div>\n\t\t<div class=\"elementor-element elementor-element-28b59ee e-flex e-con-boxed e-con e-parent\" data-id=\"28b59ee\" data-element_type=\"container\" data-e-type=\"container\" data-settings=\"{&quot;background_background&quot;:&quot;classic&quot;}\">\n\t\t\t\t\t<div class=\"e-con-inner\">\n\t\t<div class=\"elementor-element elementor-element-679a013 e-con-full e-flex e-con e-child\" data-id=\"679a013\" data-element_type=\"container\" data-e-type=\"container\">\n\t\t\t\t<div class=\"elementor-element elementor-element-34d1d0d elementor-widget__width-initial elementor-widget-mobile__width-initial elementor-widget elementor-widget-htmega-contactform-addons\" data-id=\"34d1d0d\" data-element_type=\"widget\" data-e-type=\"widget\" data-widget_type=\"htmega-contactform-addons.default\">\n\t\t\t\t<div class=\"elementor-widget-container\">\n\t\t\t\t\t            <div class=\"htmega-form-wrapper sid34d1d0d htmega-form-style-6\" >\n                \n<div class=\"wpcf7 no-js\" id=\"wpcf7-f3036-o1\" lang=\"fr-FR\" dir=\"ltr\" data-wpcf7-id=\"3036\">\n<div class=\"screen-reader-response\"><p role=\"status\" aria-live=\"polite\" aria-atomic=\"true\"><\/p> <ul><\/ul><\/div>\n<form action=\"\/index.php?rest_route=%2Fwp%2Fv2%2Fpages%2F2900#wpcf7-f3036-o1\" method=\"post\" class=\"wpcf7-form init\" aria-label=\"Formulaire de contact\" novalidate=\"novalidate\" data-status=\"init\">\n<fieldset class=\"hidden-fields-container\"><input type=\"hidden\" name=\"_wpcf7\" value=\"3036\" \/><input type=\"hidden\" name=\"_wpcf7_version\" value=\"6.1.5\" \/><input type=\"hidden\" name=\"_wpcf7_locale\" value=\"fr_FR\" \/><input type=\"hidden\" name=\"_wpcf7_unit_tag\" value=\"wpcf7-f3036-o1\" \/><input type=\"hidden\" name=\"_wpcf7_container_post\" value=\"0\" \/><input type=\"hidden\" name=\"_wpcf7_posted_data_hash\" value=\"\" \/><input type=\"hidden\" name=\"_wpcf7_recaptcha_response\" value=\"\" \/>\n<\/fieldset>\n<p><label> Votre nom<br \/>\n<span class=\"wpcf7-form-control-wrap\" data-name=\"your-name\"><input size=\"40\" maxlength=\"400\" class=\"wpcf7-form-control wpcf7-text wpcf7-validates-as-required\" autocomplete=\"name\" aria-required=\"true\" aria-invalid=\"false\" value=\"\" type=\"text\" name=\"your-name\" \/><\/span> <\/label>\n<\/p>\n<p><label> Votre e-mail<br \/>\n<span class=\"wpcf7-form-control-wrap\" data-name=\"your-email\"><input size=\"40\" maxlength=\"400\" class=\"wpcf7-form-control wpcf7-email wpcf7-validates-as-required wpcf7-text wpcf7-validates-as-email\" autocomplete=\"email\" aria-required=\"true\" aria-invalid=\"false\" value=\"\" type=\"email\" name=\"your-email\" \/><\/span> <\/label>\n<\/p>\n<p><label> Objet<br \/>\n<span class=\"wpcf7-form-control-wrap\" data-name=\"your-subject\"><input size=\"40\" maxlength=\"400\" class=\"wpcf7-form-control wpcf7-text wpcf7-validates-as-required\" aria-required=\"true\" aria-invalid=\"false\" value=\"\" type=\"text\" name=\"your-subject\" \/><\/span> <\/label>\n<\/p>\n<p><label> Votre message<br \/>\n<span class=\"wpcf7-form-control-wrap\" data-name=\"your-message\"><textarea cols=\"40\" rows=\"10\" maxlength=\"2000\" class=\"wpcf7-form-control wpcf7-textarea\" aria-invalid=\"false\" name=\"your-message\"><\/textarea><\/span> <\/label>\n<\/p>\n<p><label> Votre message recaptcha<br \/>\n\t<span class=\"wpcf7-form-control-wrap recaptcha\" data-name=\"recaptcha\"><span data-sitekey=\"6LcEusgqAAAAABFJ77CLfbSJmbOJy7epP3Z7ABeF\" class=\"wpcf7-form-control wpcf7-recaptcha g-recaptcha\"><\/span>\r\n<noscript>\r\n\t<div class=\"grecaptcha-noscript\">\r\n\t\t<iframe src=\"https:\/\/www.google.com\/recaptcha\/api\/fallback?k=6LcEusgqAAAAABFJ77CLfbSJmbOJy7epP3Z7ABeF\" frameborder=\"0\" scrolling=\"no\" width=\"310\" height=\"430\">\r\n\t\t<\/iframe>\r\n\t\t<textarea name=\"g-recaptcha-response\" rows=\"3\" cols=\"40\" placeholder=\"reCaptcha Response Here\">\r\n\t\t<\/textarea>\r\n\t<\/div>\r\n<\/noscript>\r\n<\/span> <\/label>\n<\/p>\n<p><input class=\"wpcf7-form-control wpcf7-submit has-spinner\" type=\"submit\" value=\"Envoyer\" \/>\n<\/p><p style=\"display: none !important;\" class=\"akismet-fields-container\" data-prefix=\"_wpcf7_ak_\"><label>&#916;<textarea name=\"_wpcf7_ak_hp_textarea\" cols=\"45\" rows=\"8\" maxlength=\"100\"><\/textarea><\/label><input type=\"hidden\" id=\"ak_js_1\" name=\"_wpcf7_ak_js\" value=\"87\"\/><script>document.getElementById( \"ak_js_1\" ).setAttribute( \"value\", ( new Date() ).getTime() );<\/script><\/p><div class=\"wpcf7-response-output\" aria-hidden=\"true\"><\/div>\n<\/form>\n<\/div>\n            <\/div>\n\n\n        \t\t\t\t<\/div>\n\t\t\t\t<\/div>\n\t\t\t\t<\/div>\n\t\t\t\t\t<\/div>\n\t\t\t\t<\/div>\n\t\t<div class=\"elementor-element elementor-element-b14352b e-flex e-con-boxed e-con e-parent\" data-id=\"b14352b\" data-element_type=\"container\" data-e-type=\"container\">\n\t\t\t\t\t<div class=\"e-con-inner\">\n\t\t\t\t<div class=\"elementor-element elementor-element-87414e7 elementor-widget elementor-widget-spacer\" data-id=\"87414e7\" data-element_type=\"widget\" data-e-type=\"widget\" data-widget_type=\"spacer.default\">\n\t\t\t\t<div class=\"elementor-widget-container\">\n\t\t\t\t\t\t\t<div class=\"elementor-spacer\">\n\t\t\t<div class=\"elementor-spacer-inner\"><\/div>\n\t\t<\/div>\n\t\t\t\t\t\t<\/div>\n\t\t\t\t<\/div>\n\t\t\t\t\t<\/div>\n\t\t\t\t<\/div>\n\t\t<div class=\"elementor-element elementor-element-0cd88ba e-flex e-con-boxed e-con e-parent\" data-id=\"0cd88ba\" data-element_type=\"container\" data-e-type=\"container\">\n\t\t\t\t\t<div class=\"e-con-inner\">\n\t\t\t\t<div class=\"elementor-element elementor-element-26b45f7 elementor-widget elementor-widget-spacer\" data-id=\"26b45f7\" data-element_type=\"widget\" data-e-type=\"widget\" data-widget_type=\"spacer.default\">\n\t\t\t\t<div class=\"elementor-widget-container\">\n\t\t\t\t\t\t\t<div class=\"elementor-spacer\">\n\t\t\t<div class=\"elementor-spacer-inner\"><\/div>\n\t\t<\/div>\n\t\t\t\t\t\t<\/div>\n\t\t\t\t<\/div>\n\t\t\t\t\t<\/div>\n\t\t\t\t<\/div>\n\t\t<div class=\"elementor-element elementor-element-e1b76e2 e-flex e-con-boxed e-con e-parent\" data-id=\"e1b76e2\" data-element_type=\"container\" data-e-type=\"container\">\n\t\t\t\t\t<div class=\"e-con-inner\">\n\t\t\t\t\t<\/div>\n\t\t\t\t<\/div>\n\t\t<div class=\"elementor-element elementor-element-605f4fa e-flex e-con-boxed e-con e-parent\" data-id=\"605f4fa\" data-element_type=\"container\" data-e-type=\"container\">\n\t\t\t\t\t<div class=\"e-con-inner\">\n\t\t\t\t<div class=\"elementor-element elementor-element-6e9c713 elementor-widget elementor-widget-shortcode\" data-id=\"6e9c713\" data-element_type=\"widget\" data-e-type=\"widget\" data-widget_type=\"shortcode.default\">\n\t\t\t\t<div class=\"elementor-widget-container\">\n\t\t\t\t\t\t\t<div class=\"elementor-shortcode\">\t\t<div data-elementor-type=\"wp-post\" data-elementor-id=\"2724\" class=\"elementor elementor-2724\">\n\t\t\t\t<div class=\"elementor-element elementor-element-b6dc7ea e-flex e-con-boxed e-con e-parent\" data-id=\"b6dc7ea\" data-element_type=\"container\" data-e-type=\"container\">\n\t\t\t\t\t<div class=\"e-con-inner\">\n\t\t\t\t<div class=\"elementor-element elementor-element-42a3a42 elementor-widget elementor-widget-heading\" data-id=\"42a3a42\" data-element_type=\"widget\" data-e-type=\"widget\" data-widget_type=\"heading.default\">\n\t\t\t\t<div class=\"elementor-widget-container\">\n\t\t\t\t\t<h6 class=\"elementor-heading-title elementor-size-default\">\u00a9 2026, Florian Photographie. Tous droits r\u00e9serv\u00e9s.<\/h6>\t\t\t\t<\/div>\n\t\t\t\t<\/div>\n\t\t\t\t\t<\/div>\n\t\t\t\t<\/div>\n\t\t\t\t<\/div>\n\t\t<\/div>\n\t\t\t\t\t\t<\/div>\n\t\t\t\t<\/div>\n\t\t\t\t\t<\/div>\n\t\t\t\t<\/div>\n\t\t\t\t<\/div>\n\t\t","protected":false},"excerpt":{"rendered":"<p>Mariage Ce forfait couvre l\u2019int\u00e9gralit\u00e9 de votre mariage : Les pr\u00e9paratifs (habillage, maquillage&#8230;) La c\u00e9r\u00e9monie et les \u00e9changes de v\u0153ux Les portraits de couple et les photos de groupe La soir\u00e9e et les moments de f\u00eate (jusqu\u2019au g\u00e2teau \/ ouverture du bal) Chaque image est soigneusement retouch\u00e9e, avec un style naturel et lumineux, pour que&hellip;&nbsp;<a href=\"https:\/\/florian-photographie.fr\/?page_id=2900\" rel=\"bookmark\">Lire la suite &raquo;<span class=\"screen-reader-text\">Tarifs<\/span><\/a><\/p>\n","protected":false},"author":1,"featured_media":0,"parent":0,"menu_order":0,"comment_status":"closed","ping_status":"closed","template":"","meta":{"neve_meta_sidebar":"","neve_meta_container":"","neve_meta_enable_content_width":"","neve_meta_content_width":0,"neve_meta_title_alignment":"","neve_meta_author_avatar":"","neve_post_elements_order":"","neve_meta_disable_header":"","neve_meta_disable_footer":"","neve_meta_disable_title":"","footnotes":""},"class_list":["post-2900","page","type-page","status-publish","hentry"],"_links":{"self":[{"href":"https:\/\/florian-photographie.fr\/index.php?rest_route=\/wp\/v2\/pages\/2900","targetHints":{"allow":["GET"]}}],"collection":[{"href":"https:\/\/florian-photographie.fr\/index.php?rest_route=\/wp\/v2\/pages"}],"about":[{"href":"https:\/\/florian-photographie.fr\/index.php?rest_route=\/wp\/v2\/types\/page"}],"author":[{"embeddable":true,"href":"https:\/\/florian-photographie.fr\/index.php?rest_route=\/wp\/v2\/users\/1"}],"replies":[{"embeddable":true,"href":"https:\/\/florian-photographie.fr\/index.php?rest_route=%2Fwp%2Fv2%2Fcomments&post=2900"}],"version-history":[{"count":169,"href":"https:\/\/florian-photographie.fr\/index.php?rest_route=\/wp\/v2\/pages\/2900\/revisions"}],"predecessor-version":[{"id":3850,"href":"https:\/\/florian-photographie.fr\/index.php?rest_route=\/wp\/v2\/pages\/2900\/revisions\/3850"}],"wp:attachment":[{"href":"https:\/\/florian-photographie.fr\/index.php?rest_route=%2Fwp%2Fv2%2Fmedia&parent=2900"}],"curies":[{"name":"wp","href":"https:\/\/api.w.org\/{rel}","templated":true}]}}